{"id":171,"date":"2020-04-24T09:18:36","date_gmt":"2020-04-24T09:18:36","guid":{"rendered":"https:\/\/gyermekjogiegyezmeny.hu\/?page_id=171"},"modified":"2020-04-30T10:53:18","modified_gmt":"2020-04-30T10:53:18","slug":"kezikonyv-a-gyermekjogi-egyezmeny-alkalmazasahoz","status":"publish","type":"page","link":"https:\/\/gyermekjogiegyezmeny.hu\/?page_id=171","title":{"rendered":"K\u00e9zik\u00f6nyv a Gyermekjogi Egyezm\u00e9ny alkalmaz\u00e1s\u00e1hoz"},"content":{"rendered":"\n<p>A \u201cK\u00e9zik\u00f6nyv a Gyermekjogi Egyezm\u00e9ny alkalmaz\u00e1s\u00e1hoz&#8221; c\u00edm\u0171 k\u00f6nyv az Egyezm\u00e9ny sz\u00f6veg\u00e9nek sz\u00e9lesk\u00f6r\u0171 megismertet\u00e9se, k\u00f6ztudatba emel\u00e9se, gyakorlati alkalmaz\u00e1s\u00e1nak seg\u00edt\u00e9se a c\u00e9lj\u00e1b\u00f3l k\u00e9sz\u00fclt. A let\u00f6lthet\u0151 k\u00f6tet k\u00f6zel 1000 oldalon t\u00e1rgyalja az Egyezm\u00e9ny egyes pontjainak \u00e9rtelmez\u00e9si \u00e9s alkalmaz\u00e1si lehet\u0151s\u00e9geit \u00e9s az ebb\u0151l fakad\u00f3 k\u00f6telezetts\u00e9geket.&nbsp;<\/p>\n\n\n\n<p>A k\u00f6tet a Csal\u00e1d, Gyermek, Ifj\u00fas\u00e1g Kiemelked\u0151en K\u00f6zhaszn\u00fa Egyes\u00fclet kiad\u00e1s\u00e1ban k\u00e9sz\u00fclt,\u00a0a \u201e<a href=\"http:\/\/www.csagyi.hu\/projektek\/befejezett\/van-jogod\" target=\"_blank\" rel=\"noreferrer noopener\">VAN JOGOD!<\/a>&#8221; program keret\u00e9ben. A magyar nyelv\u0171 kiad\u00e1s az <em>Implementation Handbook for the Convention on the Rights of the Child<\/em> harmadik \u00e1tdolgozott kiad\u00e1sa alapj\u00e1n, az UNICEF j\u00f3v\u00e1hagy\u00e1s\u00e1val k\u00e9sz\u00fclt. A K\u00e9zik\u00f6nyv b\u00e1rmelyik r\u00e9sze \u2013 megfelel\u0151 forr\u00e1smegjel\u00f6l\u00e9s mellett \u2013 szabadon felhaszn\u00e1lhat\u00f3. <\/p>\n\n\n\n<div class=\"wp-block-file\"><a href=\"https:\/\/gyermekjogiegyezmeny.hu\/wp-content\/uploads\/2020\/04\/18285-1.pdf\">K\u00e9zik\u00f6nyv a Gyermekjogi Egyezm\u00e9ny alkalmaz\u00e1s\u00e1hoz<\/a><a href=\"https:\/\/gyermekjogiegyezmeny.hu\/wp-content\/uploads\/2020\/04\/18285-1.pdf\" class=\"wp-block-file__button\" download>Let\u00f6lt\u00e9s<\/a><\/div>\n\n\n\n<p><\/p>\n\n\n\n<p><\/p>\n","protected":false},"excerpt":{"rendered":"<p>A \u201cK\u00e9zik\u00f6nyv a Gyermekjogi Egyezm\u00e9ny alkalmaz\u00e1s\u00e1hoz&#8221; c\u00edm\u0171 k\u00f6nyv az Egyezm\u00e9ny sz\u00f6veg\u00e9nek sz\u00e9lesk\u00f6r\u0171 megismertet\u00e9se, k\u00f6ztudatba emel\u00e9se, gyakorlati alkalmaz\u00e1s\u00e1nak seg\u00edt\u00e9se a c\u00e9lj\u00e1b\u00f3l k\u00e9sz\u00fclt. A let\u00f6lthet\u0151 k\u00f6tet k\u00f6zel 1000 oldalon t\u00e1rgyalja az Egyezm\u00e9ny egyes pontjainak \u00e9rtelmez\u00e9si \u00e9s alkalmaz\u00e1si lehet\u0151s\u00e9geit \u00e9s az ebb\u0151l fakad\u00f3 k\u00f6telezetts\u00e9geket.&nbsp; A k\u00f6tet a Csal\u00e1d, Gyermek, Ifj\u00fas\u00e1g Kiemelked\u0151en K\u00f6zhaszn\u00fa Egyes\u00fclet kiad\u00e1s\u00e1ban k\u00e9sz\u00fclt,\u00a0a \u201eVAN JOGOD!&#8221; program keret\u00e9ben. A magyar nyelv\u0171 kiad\u00e1s az Implementation Handbook for the Convention on the Rights of the Child harmadik \u00e1tdolgozott kiad\u00e1sa alapj\u00e1n, az UNICEF j\u00f3v\u00e1hagy\u00e1s\u00e1val k\u00e9sz\u00fclt. A K\u00e9zik\u00f6nyv b\u00e1rmelyik r\u00e9sze \u2013 megfelel\u0151 forr\u00e1smegjel\u00f6l\u00e9s mellett \u2013 szabadon felhaszn\u00e1lhat\u00f3.<\/p>\n","protected":false},"author":2,"featured_media":0,"parent":0,"menu_order":0,"comment_status":"closed","ping_status":"closed","template":"","meta":[],"_links":{"self":[{"href":"https:\/\/gyermekjogiegyezmeny.hu\/index.php?rest_route=\/wp\/v2\/pages\/171"}],"collection":[{"href":"https:\/\/gyermekjogiegyezmeny.hu\/index.php?rest_route=\/wp\/v2\/pages"}],"about":[{"href":"https:\/\/gyermekjogiegyezmeny.hu\/index.php?rest_route=\/wp\/v2\/types\/page"}],"author":[{"embeddable":true,"href":"https:\/\/gyermekjogiegyezmeny.hu\/index.php?rest_route=\/wp\/v2\/users\/2"}],"replies":[{"embeddable":true,"href":"https:\/\/gyermekjogiegyezmeny.hu\/index.php?rest_route=%2Fwp%2Fv2%2Fcomments&post=171"}],"version-history":[{"count":4,"href":"https:\/\/gyermekjogiegyezmeny.hu\/index.php?rest_route=\/wp\/v2\/pages\/171\/revisions"}],"predecessor-version":[{"id":388,"href":"https:\/\/gyermekjogiegyezmeny.hu\/index.php?rest_route=\/wp\/v2\/pages\/171\/revisions\/388"}],"wp:attachment":[{"href":"https:\/\/gyermekjogiegyezmeny.hu\/index.php?rest_route=%2Fwp%2Fv2%2Fmedia&parent=171"}],"curies":[{"name":"wp","href":"https:\/\/api.w.org\/{rel}","templated":true}]}}