{"id":175,"date":"2020-04-24T09:25:27","date_gmt":"2020-04-24T09:25:27","guid":{"rendered":"https:\/\/gyermekjogiegyezmeny.hu\/?page_id=175"},"modified":"2020-04-30T10:57:08","modified_gmt":"2020-04-30T10:57:08","slug":"fakultativ-jegyzokonyvek","status":"publish","type":"page","link":"https:\/\/gyermekjogiegyezmeny.hu\/?page_id=175","title":{"rendered":"Fakultat\u00edv Jegyz\u0151k\u00f6nyvek"},"content":{"rendered":"\n<p><strong>Mik azok a Fakultat\u00edv Jegyz\u0151k\u00f6nyvek?\u00a0<\/strong><\/p>\n\n\n\n<p>A Gyermekjogi Egyezm\u00e9nyt Fakultat\u00edv Jegyz\u0151k\u00f6nyvek eg\u00e9sz\u00edtik ki, amelyek szint\u00e9n k\u00f6telez\u0151 erej\u0171 nemzetk\u00f6zi szerz\u0151d\u00e9sek. Ugyanakkor puszt\u00e1n az a t\u00e9ny, hogy egy \u00e1llam kor\u00e1bban m\u00e1r al\u00e1\u00edrta \u00e9s jogrendszer\u00e9be implement\u00e1lta a Gyermekjogi Egyezm\u00e9nyt, nem k\u00f6telezi \u0151t a Fakultat\u00edv Jegyz\u0151k\u00f6nyvh\u00f6z val\u00f3 csatlakoz\u00e1sra. Annak \u00e9rdek\u00e9ben, hogy megf\u00e9kezz\u00e9k a gyermekek vil\u00e1gszerte el\u0151fordul\u00f3 b\u00e1ntalmaz\u00e1s\u00e1t \u00e9s kizs\u00e1km\u00e1nyol\u00e1s\u00e1t, az ENSZ K\u00f6zgy\u0171l\u00e9se 2000-ben elfogadta a Gyermekek fegyveres konfliktusokban val\u00f3 r\u00e9szv\u00e9tel\u00e9r\u0151l, valamint a Gyermekkereskedelemr\u0151l, gyermekprostit\u00faci\u00f3r\u00f3l \u00e9s gyermekpornogr\u00e1fi\u00e1r\u00f3l sz\u00f3l\u00f3 fakultat\u00edv jegyz\u0151k\u00f6nyveket, melyek egyar\u00e1nt 2002-ben l\u00e9ptek hat\u00e1lyba.<\/p>\n\n\n\n<p><strong>Els\u0151 Fakultat\u00edv Jegyz\u0151k\u00f6nyv:<\/strong><\/p>\n\n\n\n<p>A gyermekek fegyveres konfliktusokban val\u00f3 r\u00e9szv\u00e9tel\u00e9r\u0151l sz\u00f3l\u00f3 Fakultat\u00edv Jegyz\u0151k\u00f6nyv \u00e9rtelm\u00e9ben az al\u00e1\u00edr\u00f3 \u00e1llamokt\u00f3l elv\u00e1rj\u00e1k, hogy tegyenek meg minden lehets\u00e9ges int\u00e9zked\u00e9st annak \u00e9rdek\u00e9ben, hogy fegyveres er\u0151ik 18 \u00e9vn\u00e9l fiatalabb tagjai k\u00f6zvetlen\u00fcl ne vegyenek r\u00e9szt h\u00e1bor\u00fas cselekm\u00e9nyekben. Deklar\u00e1lja, hogy az al\u00e1\u00edr\u00f3 \u00e1llamoknak fel kell emelni\u00fck az \u00f6nk\u00e9ntes katonai akci\u00f3kban val\u00f3 r\u00e9szv\u00e9tel als\u00f3 korhat\u00e1r\u00e1t 15 \u00e9vr\u0151l, ugyanakkor a 18 \u00e9ves als\u00f3 korhat\u00e1rt nem teszi alapk\u00f6vetelm\u00e9nny\u00e9. Tov\u00e1bb\u00e1 a Jegyz\u0151k\u00f6nyv felh\u00edvja az \u00e1llamokat, hogy a 18 \u00e9v alatti gyermekek speci\u00e1lis v\u00e9delemre jogosultak, \u00e9s megtiltja a 18 \u00e9v alatti k\u00f6telez\u0151 katonai szolg\u00e1latot.<\/p>\n\n\n\n<div class=\"wp-block-file\"><a href=\"https:\/\/gyermekjogiegyezmeny.hu\/wp-content\/uploads\/2020\/04\/1.-Fakultati\u0301v-Jegyzo\u030bko\u0308nyv_fegyveres-konfliktusok.pdf\">1. Fakultat\u00edv Jegyz\u0151k\u00f6nyv fegyveres-konfliktusok<\/a><a href=\"https:\/\/gyermekjogiegyezmeny.hu\/wp-content\/uploads\/2020\/04\/1.-Fakultati\u0301v-Jegyzo\u030bko\u0308nyv_fegyveres-konfliktusok.pdf\" class=\"wp-block-file__button\" download>Let\u00f6lt\u00e9s<\/a><\/div>\n\n\n\n<p><strong>M\u00e1sodik Fakultat\u00edv Jegyz\u0151k\u00f6nyv:<\/strong><\/p>\n\n\n\n<p>A m\u00e1sodik Fakultat\u00edv Jegyz\u0151k\u00f6nyv az al\u00e1\u00edr\u00f3 \u00e1llamok sz\u00e1m\u00e1ra a gyerekekkel szembeni szexu\u00e1lis kizs\u00e1km\u00e1nyol\u00e1s\u00e1t \u00e9s b\u00e1ntalmaz\u00e1s\u00e1t tilalm\u00e1nak r\u00e9szletes k\u00f6vetelm\u00e9nyeivel eg\u00e9sz\u00edti ki az egyezm\u00e9nyt, valamint v\u00e9di a gyermekeket a nem szexu\u00e1lis c\u00e9l\u00fa kereskedelemt\u0151l \u2013 mint p\u00e9ld\u00e1ul a k\u00e9nyszermunka. \u00a0A Jegyz\u0151k\u00f6nyv meghat\u00e1rozza olyan fontos fogalmakat, mint a \u201egyermekprostit\u00faci\u00f3\u201d \u00e9s \u201egyermekpornogr\u00e1fia\u201d, illetve a\u00a0 \u201egyermekelad\u00e1s\u201d. K\u00f6telezetts\u00e9geket fogalmaz meg az \u00e1llamok sz\u00e1m\u00e1ra az ezekhez kapcsol\u00f3d\u00f3 tev\u00e9kenys\u00e9gek kriminaliz\u00e1l\u00e1s\u00e1ra \u00e9s b\u00fcntet\u00e9s\u00e9re vonatkoz\u00f3an. Elv\u00e1r\u00e1sk\u00e9nt szerepel az \u00e1llamok fel\u00e9, hogy a b\u00fcntet\u00e9s ne csak azokat s\u00fajtsa, akik szexu\u00e1lis kizs\u00e1km\u00e1nyol\u00e1s c\u00e9lj\u00e1b\u00f3l felaj\u00e1nlanak vagy k\u00f6zvet\u00edtenek gyerekeket, akik anyagi haszonszerz\u00e9s c\u00e9lj\u00e1b\u00f3l gyerekeket sz\u00e1ll\u00edtanak, vagy akik munk\u00e1ra k\u00e9nyszer\u00edtenek gyerekeket, hanem b\u00e1rki m\u00e1st is, aki gyereket fogad ilyen tev\u00e9kenys\u00e9gek v\u00e9grehajt\u00e1s\u00e1ra.<\/p>\n\n\n\n<p>Kiemelten v\u00e9di a gyermek\u00e1ldozatok jogait \u00e9s \u00e9rdekeit, \u00e9s elv\u00e1r\u00e1sk\u00e9nt t\u00e1masztja a korm\u00e1nyok fel\u00e9 azt, hogy pszichol\u00f3giai \u00e9s jogi seg\u00edts\u00e9get kell ny\u00fajtani az \u00e1ldozatok r\u00e9sz\u00e9re, kiemelve a gyerek legf\u0151bb \u00e9rdeke szerinti elj\u00e1r\u00e1st.<\/p>\n\n\n\n<p>Ezt a k\u00e9t Fakultat\u00edv Jegyz\u0151k\u00f6nyvet al\u00e1\u00edrta \u00e9s elfogadta Magyarorsz\u00e1g is.\u00a0<\/p>\n\n\n\n<div class=\"wp-block-file\"><a href=\"https:\/\/gyermekjogiegyezmeny.hu\/wp-content\/uploads\/2020\/04\/2.-Fakultati\u0301v-Jegyzo\u030bko\u0308nyv_elada\u0301s-prostitu\u0301cio\u0301-e\u0301s-pornogra\u0301fia.pdf\">2. Fakultat\u00edv Jegyz\u0151k\u00f6nyv &#8211; prostitu\u0301cio\u0301 e\u0301s pornogra\u0301fia<\/a><a href=\"https:\/\/gyermekjogiegyezmeny.hu\/wp-content\/uploads\/2020\/04\/2.-Fakultati\u0301v-Jegyzo\u030bko\u0308nyv_elada\u0301s-prostitu\u0301cio\u0301-e\u0301s-pornogra\u0301fia.pdf\" class=\"wp-block-file__button\" download>Let\u00f6lt\u00e9s<\/a><\/div>\n\n\n\n<p><strong>Harmadik Fakultat\u00edv Jegyz\u0151k\u00f6nyv:\u00a0<\/strong><\/p>\n\n\n\n<p>A harmadik Fakultat\u00edv Jegyz\u0151k\u00f6nyv, amely a kor\u00e1bbiakkal ellent\u00e9tben nem a Gyermekjogi Egyezm\u00e9ny valamely pontj\u00e1t bontja tov\u00e1bb, hanem egy &#8211; gyermekjogok megs\u00e9rt\u00e9se miatti -panaszt\u00e9teli mechanizmust r\u00f6gz\u00edt \u00e9s 2014. \u00e1prilisban l\u00e9pett hat\u00e1lyba. Ez lehet\u0151v\u00e9 teszi a gyermekek sz\u00e1m\u00e1ra, hogy panaszaikat k\u00f6zvetlen\u00fcl a Gyermekjogi Bizotts\u00e1ghoz ny\u00fajts\u00e1k be, aki azokat kivizsg\u00e1lja, majd a korm\u00e1nyokat a megfelel\u0151 int\u00e9zked\u00e9sek meghozatal\u00e1ra utas\u00edtja. A Harmadik Fakultat\u00edv Jegyz\u0151k\u00f6nyvet m\u00e9g nem \u00edrta al\u00e1 Magyarorsz\u00e1g.<\/p>\n\n\n\n<div class=\"wp-block-file\"><a href=\"https:\/\/gyermekjogiegyezmeny.hu\/wp-content\/uploads\/2020\/04\/3.fakultati\u0301v-jegyzo\u030bko\u0308nyv_panaszt\u00e9teli-mechanizmus_angol.pdf\">3. Fakultat\u00edv Jegyz\u0151k\u00f6nyv panaszt\u00e9teli-mechanizmus (angol)<\/a><a href=\"https:\/\/gyermekjogiegyezmeny.hu\/wp-content\/uploads\/2020\/04\/3.fakultati\u0301v-jegyzo\u030bko\u0308nyv_panaszt\u00e9teli-mechanizmus_angol.pdf\" class=\"wp-block-file__button\" download>Let\u00f6lt\u00e9s<\/a><\/div>\n\n\n\n<p><\/p>\n","protected":false},"excerpt":{"rendered":"<p>Mik azok a Fakultat\u00edv Jegyz\u0151k\u00f6nyvek?\u00a0 A Gyermekjogi Egyezm\u00e9nyt Fakultat\u00edv Jegyz\u0151k\u00f6nyvek eg\u00e9sz\u00edtik ki, amelyek szint\u00e9n k\u00f6telez\u0151 erej\u0171 nemzetk\u00f6zi szerz\u0151d\u00e9sek. Ugyanakkor puszt\u00e1n az a t\u00e9ny, hogy egy \u00e1llam kor\u00e1bban m\u00e1r al\u00e1\u00edrta \u00e9s jogrendszer\u00e9be implement\u00e1lta a Gyermekjogi Egyezm\u00e9nyt, nem k\u00f6telezi \u0151t a Fakultat\u00edv Jegyz\u0151k\u00f6nyvh\u00f6z val\u00f3 csatlakoz\u00e1sra. Annak \u00e9rdek\u00e9ben, hogy megf\u00e9kezz\u00e9k a gyermekek vil\u00e1gszerte el\u0151fordul\u00f3 b\u00e1ntalmaz\u00e1s\u00e1t \u00e9s kizs\u00e1km\u00e1nyol\u00e1s\u00e1t, az ENSZ K\u00f6zgy\u0171l\u00e9se 2000-ben elfogadta a Gyermekek fegyveres konfliktusokban val\u00f3 r\u00e9szv\u00e9tel\u00e9r\u0151l, valamint a Gyermekkereskedelemr\u0151l, gyermekprostit\u00faci\u00f3r\u00f3l \u00e9s gyermekpornogr\u00e1fi\u00e1r\u00f3l sz\u00f3l\u00f3 fakultat\u00edv jegyz\u0151k\u00f6nyveket, melyek egyar\u00e1nt 2002-ben l\u00e9ptek hat\u00e1lyba. Els\u0151 Fakultat\u00edv Jegyz\u0151k\u00f6nyv: A gyermekek fegyveres konfliktusokban val\u00f3 r\u00e9szv\u00e9tel\u00e9r\u0151l sz\u00f3l\u00f3 Fakultat\u00edv Jegyz\u0151k\u00f6nyv \u00e9rtelm\u00e9ben az al\u00e1\u00edr\u00f3 \u00e1llamokt\u00f3l elv\u00e1rj\u00e1k, hogy tegyenek meg minden lehets\u00e9ges int\u00e9zked\u00e9st annak \u00e9rdek\u00e9ben, hogy fegyveres er\u0151ik 18 \u00e9vn\u00e9l fiatalabb tagjai k\u00f6zvetlen\u00fcl ne vegyenek r\u00e9szt h\u00e1bor\u00fas cselekm\u00e9nyekben. Deklar\u00e1lja, hogy az al\u00e1\u00edr\u00f3 \u00e1llamoknak fel kell emelni\u00fck az \u00f6nk\u00e9ntes katonai akci\u00f3kban val\u00f3 r\u00e9szv\u00e9tel als\u00f3 korhat\u00e1r\u00e1t 15 \u00e9vr\u0151l, ugyanakkor a 18 \u00e9ves als\u00f3 korhat\u00e1rt nem teszi alapk\u00f6vetelm\u00e9nny\u00e9. Tov\u00e1bb\u00e1 a Jegyz\u0151k\u00f6nyv felh\u00edvja az \u00e1llamokat, hogy a 18 \u00e9v alatti gyermekek speci\u00e1lis v\u00e9delemre jogosultak, \u00e9s megtiltja a 18 \u00e9v alatti k\u00f6telez\u0151 katonai szolg\u00e1latot. M\u00e1sodik Fakultat\u00edv Jegyz\u0151k\u00f6nyv: A m\u00e1sodik Fakultat\u00edv Jegyz\u0151k\u00f6nyv az al\u00e1\u00edr\u00f3 \u00e1llamok sz\u00e1m\u00e1ra a gyerekekkel szembeni szexu\u00e1lis kizs\u00e1km\u00e1nyol\u00e1s\u00e1t \u00e9s b\u00e1ntalmaz\u00e1s\u00e1t tilalm\u00e1nak r\u00e9szletes k\u00f6vetelm\u00e9nyeivel eg\u00e9sz\u00edti ki az egyezm\u00e9nyt, valamint v\u00e9di a gyermekeket a nem szexu\u00e1lis c\u00e9l\u00fa kereskedelemt\u0151l \u2013 mint p\u00e9ld\u00e1ul a k\u00e9nyszermunka. \u00a0A Jegyz\u0151k\u00f6nyv meghat\u00e1rozza olyan fontos fogalmakat, mint a \u201egyermekprostit\u00faci\u00f3\u201d \u00e9s \u201egyermekpornogr\u00e1fia\u201d, illetve a\u00a0 \u201egyermekelad\u00e1s\u201d. K\u00f6telezetts\u00e9geket fogalmaz meg az \u00e1llamok sz\u00e1m\u00e1ra az ezekhez kapcsol\u00f3d\u00f3 tev\u00e9kenys\u00e9gek kriminaliz\u00e1l\u00e1s\u00e1ra \u00e9s b\u00fcntet\u00e9s\u00e9re vonatkoz\u00f3an. Elv\u00e1r\u00e1sk\u00e9nt szerepel az \u00e1llamok fel\u00e9, hogy a b\u00fcntet\u00e9s ne csak azokat s\u00fajtsa, akik szexu\u00e1lis kizs\u00e1km\u00e1nyol\u00e1s c\u00e9lj\u00e1b\u00f3l felaj\u00e1nlanak vagy k\u00f6zvet\u00edtenek gyerekeket, akik anyagi haszonszerz\u00e9s c\u00e9lj\u00e1b\u00f3l gyerekeket sz\u00e1ll\u00edtanak, vagy akik munk\u00e1ra k\u00e9nyszer\u00edtenek gyerekeket, hanem b\u00e1rki m\u00e1st is, aki gyereket fogad ilyen tev\u00e9kenys\u00e9gek v\u00e9grehajt\u00e1s\u00e1ra. Kiemelten v\u00e9di a gyermek\u00e1ldozatok jogait \u00e9s \u00e9rdekeit, \u00e9s elv\u00e1r\u00e1sk\u00e9nt t\u00e1masztja a korm\u00e1nyok fel\u00e9 azt, hogy pszichol\u00f3giai \u00e9s jogi seg\u00edts\u00e9get kell ny\u00fajtani az \u00e1ldozatok r\u00e9sz\u00e9re, kiemelve a gyerek legf\u0151bb \u00e9rdeke szerinti elj\u00e1r\u00e1st. Ezt a k\u00e9t Fakultat\u00edv Jegyz\u0151k\u00f6nyvet al\u00e1\u00edrta \u00e9s elfogadta Magyarorsz\u00e1g is.\u00a0 Harmadik Fakultat\u00edv Jegyz\u0151k\u00f6nyv:\u00a0 A harmadik Fakultat\u00edv Jegyz\u0151k\u00f6nyv, amely a kor\u00e1bbiakkal ellent\u00e9tben nem a Gyermekjogi Egyezm\u00e9ny valamely pontj\u00e1t bontja tov\u00e1bb, hanem egy &#8211; gyermekjogok megs\u00e9rt\u00e9se miatti -panaszt\u00e9teli mechanizmust r\u00f6gz\u00edt \u00e9s 2014. \u00e1prilisban l\u00e9pett hat\u00e1lyba. Ez lehet\u0151v\u00e9 teszi a gyermekek sz\u00e1m\u00e1ra, hogy panaszaikat k\u00f6zvetlen\u00fcl a Gyermekjogi Bizotts\u00e1ghoz ny\u00fajts\u00e1k be, aki azokat kivizsg\u00e1lja, majd a korm\u00e1nyokat a megfelel\u0151 int\u00e9zked\u00e9sek meghozatal\u00e1ra utas\u00edtja. A Harmadik Fakultat\u00edv Jegyz\u0151k\u00f6nyvet m\u00e9g nem \u00edrta al\u00e1 Magyarorsz\u00e1g.<\/p>\n","protected":false},"author":2,"featured_media":0,"parent":0,"menu_order":0,"comment_status":"closed","ping_status":"closed","template":"","meta":[],"_links":{"self":[{"href":"https:\/\/gyermekjogiegyezmeny.hu\/index.php?rest_route=\/wp\/v2\/pages\/175"}],"collection":[{"href":"https:\/\/gyermekjogiegyezmeny.hu\/index.php?rest_route=\/wp\/v2\/pages"}],"about":[{"href":"https:\/\/gyermekjogiegyezmeny.hu\/index.php?rest_route=\/wp\/v2\/types\/page"}],"author":[{"embeddable":true,"href":"https:\/\/gyermekjogiegyezmeny.hu\/index.php?rest_route=\/wp\/v2\/users\/2"}],"replies":[{"embeddable":true,"href":"https:\/\/gyermekjogiegyezmeny.hu\/index.php?rest_route=%2Fwp%2Fv2%2Fcomments&post=175"}],"version-history":[{"count":3,"href":"https:\/\/gyermekjogiegyezmeny.hu\/index.php?rest_route=\/wp\/v2\/pages\/175\/revisions"}],"predecessor-version":[{"id":389,"href":"https:\/\/gyermekjogiegyezmeny.hu\/index.php?rest_route=\/wp\/v2\/pages\/175\/revisions\/389"}],"wp:attachment":[{"href":"https:\/\/gyermekjogiegyezmeny.hu\/index.php?rest_route=%2Fwp%2Fv2%2Fmedia&parent=175"}],"curies":[{"name":"wp","href":"https:\/\/api.w.org\/{rel}","templated":true}]}}