{"id":184,"date":"2020-04-24T09:32:06","date_gmt":"2020-04-24T09:32:06","guid":{"rendered":"https:\/\/gyermekjogiegyezmeny.hu\/?page_id=184"},"modified":"2020-04-30T09:52:47","modified_gmt":"2020-04-30T09:52:47","slug":"polgari-jogok","status":"publish","type":"page","link":"https:\/\/gyermekjogiegyezmeny.hu\/?page_id=184","title":{"rendered":"Polg\u00e1ri jogok"},"content":{"rendered":"\n<p>A Gyerekjogi Egyezm\u00e9ny 6. cikke alapelvk\u00e9nt r\u00f6gz\u00edti a gyermekek alapvet\u0151 jog\u00e1t az <strong>\u00e9let<\/strong>hez, valamint garant\u00e1lja a lehets\u00e9ges legnagyobb m\u00e9rt\u00e9k\u0171 es\u00e9lyt az \u00e9letben marad\u00e1sra \u00e9s a fejl\u0151d\u00e9sre. A 7. cikk biztos\u00edtja a gyermek <strong>anyak\u00f6nyvez\u00e9s<\/strong>\u00e9t, valamint jog\u00e1t egy <strong>n\u00e9v<\/strong>hez, <strong>\u00e1llampolg\u00e1rs\u00e1g<\/strong>hoz, sz\u00fclei ismeret\u00e9hez \u00e9s ahhoz, hogy \u0151k nevelj\u00e9k fel. A 16. cikk biztos\u00edtja minden gyermek jog\u00e1t a <strong>mag\u00e1n\u00e9let<\/strong>\u00e9vel, <strong>csal\u00e1d<\/strong>j\u00e1val, <strong>otthon<\/strong>\u00e1val vagy <strong>levelez\u00e9s<\/strong>\u00e9vel kapcsolatban \u00f6nk\u00e9nyes vagy t\u00f6rv\u00e9nytelen beavatkoz\u00e1st\u00f3l \u00e9s <strong>becs\u00fclete<\/strong> \u00e9s <strong>j\u00f3 h\u00edrneve<\/strong> elleni jogtalan t\u00e1mad\u00e1st\u00f3l val\u00f3 v\u00e9delm\u00e9re. A 2. \u00e9s 30. cikk \u00e9rtelm\u00e9ben a gyermekeket meg kell v\u00e9deni minden megk\u00fcl\u00f6nb\u00f6ztet\u00e9st\u0151l \u00e9s megtorl\u00e1st\u00f3l (<strong>diszkrimin\u00e1ci\u00f3 tilalma<\/strong>).&nbsp; A polg\u00e1ri jogok k\u00f6z\u00e9 tartoznak m\u00e9g a <strong>tisztess\u00e9ges elj\u00e1r\u00e1s<\/strong>hoz val\u00f3 jog, az <strong>igazs\u00e1gszolg\u00e1ltat\u00e1s<\/strong>hoz val\u00f3 hozz\u00e1f\u00e9r\u00e9s, a <strong>v\u00e9lem\u00e9nynyilv\u00e1n\u00edt\u00e1s szab<\/strong>ads\u00e1ga, a <strong>gyermek v\u00e9lem\u00e9ny\u00e9nek meghallgat\u00e1sa <\/strong>\u00e9s lehet\u0151s\u00e9g szerint figyelembe v\u00e9tele (3., 4., 12., 19., 22., 40. \u00e9s 41. cikkek).&nbsp;<\/p>\n\n\n\n<div class=\"wp-block-file\"><a href=\"https:\/\/gyermekjogiegyezmeny.hu\/wp-content\/uploads\/2020\/04\/valodireszvetel_alapelvek_lansdown.pdf\">A val\u00f3di \u00e9s etikus r\u00e9szv\u00e9tel alapvet\u0151 k\u00f6vetelm\u00e9nyei<\/a><a href=\"https:\/\/gyermekjogiegyezmeny.hu\/wp-content\/uploads\/2020\/04\/valodireszvetel_alapelvek_lansdown.pdf\" class=\"wp-block-file__button\" download>Let\u00f6lt\u00e9s<\/a><\/div>\n\n\n\n<div class=\"wp-block-file\"><a href=\"https:\/\/gyermekjogiegyezmeny.hu\/wp-content\/uploads\/2020\/04\/valodireszvetel_alapelvek_jav.pdf\">Mikor val\u00f3di a gyerekek r\u00e9szv\u00e9tele?<\/a><a href=\"https:\/\/gyermekjogiegyezmeny.hu\/wp-content\/uploads\/2020\/04\/valodireszvetel_alapelvek_jav.pdf\" class=\"wp-block-file__button\" download>Let\u00f6lt\u00e9s<\/a><\/div>\n\n\n\n<div class=\"wp-block-file\"><a href=\"https:\/\/gyermekjogiegyezmeny.hu\/wp-content\/uploads\/2020\/04\/szivarvanyszakkor_kiadvany_online.pdf\">Sziv\u00e1rv\u00e1nyszakk\u00f6r kiadv\u00e1ny (Magyar LMBT Sz\u00f6vets\u00e9g)<\/a><a href=\"https:\/\/gyermekjogiegyezmeny.hu\/wp-content\/uploads\/2020\/04\/szivarvanyszakkor_kiadvany_online.pdf\" class=\"wp-block-file__button\" download>Let\u00f6lt\u00e9s<\/a><\/div>\n","protected":false},"excerpt":{"rendered":"<p>A Gyerekjogi Egyezm\u00e9ny 6. cikke alapelvk\u00e9nt r\u00f6gz\u00edti a gyermekek alapvet\u0151 jog\u00e1t az \u00e9lethez, valamint garant\u00e1lja a lehets\u00e9ges legnagyobb m\u00e9rt\u00e9k\u0171 es\u00e9lyt az \u00e9letben marad\u00e1sra \u00e9s a fejl\u0151d\u00e9sre. A 7. cikk biztos\u00edtja a gyermek anyak\u00f6nyvez\u00e9s\u00e9t, valamint jog\u00e1t egy n\u00e9vhez, \u00e1llampolg\u00e1rs\u00e1ghoz, sz\u00fclei ismeret\u00e9hez \u00e9s ahhoz, hogy \u0151k nevelj\u00e9k fel. A 16. cikk biztos\u00edtja minden gyermek jog\u00e1t a mag\u00e1n\u00e9let\u00e9vel, csal\u00e1dj\u00e1val, otthon\u00e1val vagy levelez\u00e9s\u00e9vel kapcsolatban \u00f6nk\u00e9nyes vagy t\u00f6rv\u00e9nytelen beavatkoz\u00e1st\u00f3l \u00e9s becs\u00fclete \u00e9s j\u00f3 h\u00edrneve elleni jogtalan t\u00e1mad\u00e1st\u00f3l val\u00f3 v\u00e9delm\u00e9re. A 2. \u00e9s 30. cikk \u00e9rtelm\u00e9ben a gyermekeket meg kell v\u00e9deni minden megk\u00fcl\u00f6nb\u00f6ztet\u00e9st\u0151l \u00e9s megtorl\u00e1st\u00f3l (diszkrimin\u00e1ci\u00f3 tilalma).&nbsp; A polg\u00e1ri jogok k\u00f6z\u00e9 tartoznak m\u00e9g a tisztess\u00e9ges elj\u00e1r\u00e1shoz val\u00f3 jog, az igazs\u00e1gszolg\u00e1ltat\u00e1shoz val\u00f3 hozz\u00e1f\u00e9r\u00e9s, a v\u00e9lem\u00e9nynyilv\u00e1n\u00edt\u00e1s szabads\u00e1ga, a gyermek v\u00e9lem\u00e9ny\u00e9nek meghallgat\u00e1sa \u00e9s lehet\u0151s\u00e9g szerint figyelembe v\u00e9tele (3., 4., 12., 19., 22., 40. \u00e9s 41. cikkek).&nbsp;<\/p>\n","protected":false},"author":2,"featured_media":0,"parent":0,"menu_order":0,"comment_status":"closed","ping_status":"closed","template":"","meta":[],"_links":{"self":[{"href":"https:\/\/gyermekjogiegyezmeny.hu\/index.php?rest_route=\/wp\/v2\/pages\/184"}],"collection":[{"href":"https:\/\/gyermekjogiegyezmeny.hu\/index.php?rest_route=\/wp\/v2\/pages"}],"about":[{"href":"https:\/\/gyermekjogiegyezmeny.hu\/index.php?rest_route=\/wp\/v2\/types\/page"}],"author":[{"embeddable":true,"href":"https:\/\/gyermekjogiegyezmeny.hu\/index.php?rest_route=\/wp\/v2\/users\/2"}],"replies":[{"embeddable":true,"href":"https:\/\/gyermekjogiegyezmeny.hu\/index.php?rest_route=%2Fwp%2Fv2%2Fcomments&post=184"}],"version-history":[{"count":3,"href":"https:\/\/gyermekjogiegyezmeny.hu\/index.php?rest_route=\/wp\/v2\/pages\/184\/revisions"}],"predecessor-version":[{"id":360,"href":"https:\/\/gyermekjogiegyezmeny.hu\/index.php?rest_route=\/wp\/v2\/pages\/184\/revisions\/360"}],"wp:attachment":[{"href":"https:\/\/gyermekjogiegyezmeny.hu\/index.php?rest_route=%2Fwp%2Fv2%2Fmedia&parent=184"}],"curies":[{"name":"wp","href":"https:\/\/api.w.org\/{rel}","templated":true}]}}