{"id":190,"date":"2020-04-24T09:39:04","date_gmt":"2020-04-24T09:39:04","guid":{"rendered":"https:\/\/gyermekjogiegyezmeny.hu\/?page_id=190"},"modified":"2020-04-24T09:39:04","modified_gmt":"2020-04-24T09:39:04","slug":"gazdasagi-jogok","status":"publish","type":"page","link":"https:\/\/gyermekjogiegyezmeny.hu\/?page_id=190","title":{"rendered":"Gazdas\u00e1gi jogok"},"content":{"rendered":"\n<p>A Gyerekjogi Egyzm\u00e9ny 27. \u00e9s 18. cikke \u00e9rtelm\u00e9ben a gyermekeknek joguk van a <strong>megfelel\u0151 \u00e9letsz\u00ednvonal<\/strong>hoz, melynek biztos\u00edt\u00e1sa els\u0151sorban a sz\u00fcl\u00f6k, vagy a gyermek\u00e9rt felel\u0151s m\u00e1s szem\u00e9lyek alapvet\u0151 feladata. A 32.cikk megtiltja a <strong>gyermekmunka \u00e9s gazdas\u00e1gi kizs\u00e1km\u00e1nyol\u00e1s<\/strong> minden form\u00e1j\u00e1t. A 26. cikk deklar\u00e1lja minden gyermek jog\u00e1t a <strong>szoci\u00e1lis biztons\u00e1g<\/strong>hoz, \u00edgy a <strong>t\u00e1rsadalombiztos\u00edt\u00e1s juttat\u00e1sai<\/strong>hoz val\u00f3 hozz\u00e1f\u00e9r\u00e9st.<\/p>\n","protected":false},"excerpt":{"rendered":"<p>A Gyerekjogi Egyzm\u00e9ny 27. \u00e9s 18. cikke \u00e9rtelm\u00e9ben a gyermekeknek joguk van a megfelel\u0151 \u00e9letsz\u00ednvonalhoz, melynek biztos\u00edt\u00e1sa els\u0151sorban a sz\u00fcl\u00f6k, vagy a gyermek\u00e9rt felel\u0151s m\u00e1s szem\u00e9lyek alapvet\u0151 feladata. A 32.cikk megtiltja a gyermekmunka \u00e9s gazdas\u00e1gi kizs\u00e1km\u00e1nyol\u00e1s minden form\u00e1j\u00e1t. A 26. cikk deklar\u00e1lja minden gyermek jog\u00e1t a szoci\u00e1lis biztons\u00e1ghoz, \u00edgy a t\u00e1rsadalombiztos\u00edt\u00e1s juttat\u00e1saihoz val\u00f3 hozz\u00e1f\u00e9r\u00e9st.<\/p>\n","protected":false},"author":2,"featured_media":0,"parent":0,"menu_order":0,"comment_status":"closed","ping_status":"closed","template":"","meta":[],"_links":{"self":[{"href":"https:\/\/gyermekjogiegyezmeny.hu\/index.php?rest_route=\/wp\/v2\/pages\/190"}],"collection":[{"href":"https:\/\/gyermekjogiegyezmeny.hu\/index.php?rest_route=\/wp\/v2\/pages"}],"about":[{"href":"https:\/\/gyermekjogiegyezmeny.hu\/index.php?rest_route=\/wp\/v2\/types\/page"}],"author":[{"embeddable":true,"href":"https:\/\/gyermekjogiegyezmeny.hu\/index.php?rest_route=\/wp\/v2\/users\/2"}],"replies":[{"embeddable":true,"href":"https:\/\/gyermekjogiegyezmeny.hu\/index.php?rest_route=%2Fwp%2Fv2%2Fcomments&post=190"}],"version-history":[{"count":1,"href":"https:\/\/gyermekjogiegyezmeny.hu\/index.php?rest_route=\/wp\/v2\/pages\/190\/revisions"}],"predecessor-version":[{"id":191,"href":"https:\/\/gyermekjogiegyezmeny.hu\/index.php?rest_route=\/wp\/v2\/pages\/190\/revisions\/191"}],"wp:attachment":[{"href":"https:\/\/gyermekjogiegyezmeny.hu\/index.php?rest_route=%2Fwp%2Fv2%2Fmedia&parent=190"}],"curies":[{"name":"wp","href":"https:\/\/api.w.org\/{rel}","templated":true}]}}