{"id":221,"date":"2020-04-24T10:59:47","date_gmt":"2020-04-24T10:59:47","guid":{"rendered":"https:\/\/gyermekjogiegyezmeny.hu\/?page_id=221"},"modified":"2020-10-30T12:49:35","modified_gmt":"2020-10-30T12:49:35","slug":"jelentesek-a-gyermekjogi-bizottsagnak","status":"publish","type":"page","link":"https:\/\/gyermekjogiegyezmeny.hu\/?page_id=221","title":{"rendered":"Jelent\u00e9sek a Gyermekjogi Bizotts\u00e1gnak"},"content":{"rendered":"\n<p>A Gyermekek Jogair\u00f3l sz\u00f3l\u00f3 Egyezm\u00e9ny 44. cikke alapj\u00e1n minden r\u00e9szes\u00e1llamnak \u00f6t\u00e9vek\u00e9nt jelent\u00e9sben kell besz\u00e1molnia arr\u00f3l, hogy milyen int\u00e9zked\u00e9seket tett az Egyezm\u00e9ny rendelkez\u00e9seinek v\u00e9grehajt\u00e1sa \u00e9rdek\u00e9ben. A Gyermekjogi Bizotts\u00e1gnak k\u00fcld jelent\u00e9st a Korm\u00e1ny, civil szervezetek \u00e9s a gyerekeknek is van lehet\u0151s\u00e9g\u00fck elmondani v\u00e9lem\u00e9ny\u00fcket.&nbsp; A jelent\u00e9seket egy f\u00fcggetlen szak\u00e9rt\u0151kb\u0151l \u00e1ll\u00f3 nemzetk\u00f6zi test\u00fclet, a Gyermekjogi Bizotts\u00e1g vizsg\u00e1lja meg, \u00e9s az adott orsz\u00e1g civil szervezeteinek, majd korm\u00e1ny\u00e1nak meghallgat\u00e1s\u00e1t k\u00f6vet\u0151en aj\u00e1nl\u00e1sokat fogalmaz meg, annak \u00e9rdek\u00e9ben, hogy jobb legyen a gyerekek helyzete az al\u00e1\u00edr\u00f3 orsz\u00e1gokban. Az Egyezm\u00e9ny 44. cikke azt is el\u0151\u00edrja, hogy az id\u0151szakos jelent\u00e9seket, az \u00e9rintettek \u00edr\u00e1sbeli v\u00e1laszait, valamint az azokkal kapcsolatban elfogadott Bizotts\u00e1gi javaslatokat (z\u00e1r\u00f3 \u00e9szrev\u00e9teleket) min\u00e9l sz\u00e9lesebb k\u00f6rben b\u00e1rki \u00e1ltal hozz\u00e1f\u00e9rhet\u0151v\u00e9 kell tenni. A Gyermekjogi Egyezm\u00e9ny alkalmaz\u00e1s\u00e1t \u00e9s a gyermekjogok helyzet\u00e9t a civil szervezetek \u00fan. alternat\u00edv kieg\u00e9sz\u00edt\u0151 jelent\u00e9se mutatja be.<\/p>\n\n\n\n<p>A magyar Korm\u00e1ny el\u0151sz\u00f6r 1998-ban, azt\u00e1n 2006-ban, majd 2014-ben \u00e9s v\u00e9g\u00fcl 2019-ben ny\u00fajtott be jelent\u00e9st a Gyermekjogi Bizotts\u00e1ghoz.<\/p>\n\n\n\n<p><\/p>\n\n\n\n<p>Sajnos korl\u00e1tozott sz\u00e1mban \u00e1llnak rendelkez\u00e9sre magyar nyelven el\u00e9rhet\u0151 dokumentumok, azonban az eredeti, angol nyelven el\u00e9rhet\u0151 dokumentumok is el\u00e9rhet\u0151ek lentebb:<\/p>\n\n\n\n<p><strong>Magyar nyelv\u0171 dokumentumok:<\/strong><\/p>\n\n\n\n<div class=\"wp-block-file\"><a href=\"https:\/\/gyermekjogiegyezmeny.hu\/wp-content\/uploads\/2020\/04\/1998_Bizotts\u00e1g-Z\u00e1r\u00f3-\u00e9szrev\u00e9telek_magyar.pdf\">1998. Bizotts\u00e1g Z\u00e1r\u00f3 \u00e9szrev\u00e9telek<\/a><a href=\"https:\/\/gyermekjogiegyezmeny.hu\/wp-content\/uploads\/2020\/04\/1998_Bizotts\u00e1g-Z\u00e1r\u00f3-\u00e9szrev\u00e9telek_magyar.pdf\" class=\"wp-block-file__button\" download>Let\u00f6lt\u00e9s<\/a><\/div>\n\n\n\n<div class=\"wp-block-file\"><a href=\"https:\/\/gyermekjogiegyezmeny.hu\/wp-content\/uploads\/2020\/04\/2006.-Bizotts\u00e1g_Z\u00e1r\u00f3_\u00e9szrev\u00e9telek_magyar.pdf\">2006. Bizotts\u00e1g Z\u00e1r\u00f3 \u00e9szrev\u00e9telek<\/a><a href=\"https:\/\/gyermekjogiegyezmeny.hu\/wp-content\/uploads\/2020\/04\/2006.-Bizotts\u00e1g_Z\u00e1r\u00f3_\u00e9szrev\u00e9telek_magyar.pdf\" class=\"wp-block-file__button\" download>Let\u00f6lt\u00e9s<\/a><\/div>\n\n\n\n<div class=\"wp-block-file\"><a href=\"https:\/\/gyermekjogiegyezmeny.hu\/wp-content\/uploads\/2020\/04\/2012_Civil_jelent\u00e9s_-magyar_pdf.pdf\">2012. Civil jelent\u00e9s<\/a><a href=\"https:\/\/gyermekjogiegyezmeny.hu\/wp-content\/uploads\/2020\/04\/2012_Civil_jelent\u00e9s_-magyar_pdf.pdf\" class=\"wp-block-file__button\" download>Let\u00f6lt\u00e9s<\/a><\/div>\n\n\n\n<div class=\"wp-block-file\"><a href=\"https:\/\/gyermekjogiegyezmeny.hu\/wp-content\/uploads\/2020\/04\/2012_Korm\u00e1nyjelent\u00e9s_magyar.pdf\">2012. Korm\u00e1nyjelent\u00e9s<\/a><a href=\"https:\/\/gyermekjogiegyezmeny.hu\/wp-content\/uploads\/2020\/04\/2012_Korm\u00e1nyjelent\u00e9s_magyar.pdf\" class=\"wp-block-file__button\" download>Let\u00f6lt\u00e9s<\/a><\/div>\n\n\n\n<div class=\"wp-block-file\"><a href=\"https:\/\/gyermekjogiegyezmeny.hu\/wp-content\/uploads\/2020\/04\/2018_\u00faj_jelent\u00e9st\u00e9teli_folyamat_\u00e1bra-.jpg\">2018. Az \u00faj jelent\u00e9st\u00e9teli folyamat \u00e1br\u00e1zol\u00e1va<\/a><a href=\"https:\/\/gyermekjogiegyezmeny.hu\/wp-content\/uploads\/2020\/04\/2018_\u00faj_jelent\u00e9st\u00e9teli_folyamat_\u00e1bra-.jpg\" class=\"wp-block-file__button\" download>Let\u00f6lt\u00e9s<\/a><\/div>\n\n\n\n<div class=\"wp-block-file\"><a href=\"https:\/\/gyermekjogiegyezmeny.hu\/wp-content\/uploads\/2020\/04\/2019.-alternativ_civil_jelentes_magyar.pdf\">2019. Alternat\u00edv civil jelent\u00e9s<\/a><a href=\"https:\/\/gyermekjogiegyezmeny.hu\/wp-content\/uploads\/2020\/04\/2019.-alternativ_civil_jelentes_magyar.pdf\" class=\"wp-block-file__button\" download>Let\u00f6lt\u00e9s<\/a><\/div>\n\n\n\n<div class=\"wp-block-file\"><a href=\"https:\/\/gyermekjogiegyezmeny.hu\/wp-content\/uploads\/2020\/04\/2019_gyerek-jelent\u00e9s_tehogylatod_magyar_.pdf\">2019. Gyerek jelent\u00e9s &#8211; Te hogy l\u00e1tod<\/a><a href=\"https:\/\/gyermekjogiegyezmeny.hu\/wp-content\/uploads\/2020\/04\/2019_gyerek-jelent\u00e9s_tehogylatod_magyar_.pdf\" class=\"wp-block-file__button\" download>Let\u00f6lt\u00e9s<\/a><\/div>\n\n\n\n<div class=\"wp-block-file\"><a href=\"https:\/\/gyermekjogiegyezmeny.hu\/wp-content\/uploads\/2020\/10\/crc-c-hun-co-6-zaro-eszrevetelek-hun-wm.pdf\">2020. Bizotts\u00e1g<em> z\u00e1r\u00f3 \u00e9szrev\u00e9tele<\/em>i (UNICEF Magyarorsz\u00e1g ford\u00edt\u00e1s\u00e1ban) <\/a><a href=\"https:\/\/gyermekjogiegyezmeny.hu\/wp-content\/uploads\/2020\/10\/crc-c-hun-co-6-zaro-eszrevetelek-hun-wm.pdf\" class=\"wp-block-file__button\" download>Let\u00f6lt\u00e9s<\/a><\/div>\n\n\n\n<p><strong>Angol nyelv\u0171 dokumentumok:<\/strong><\/p>\n\n\n\n<div class=\"wp-block-file\"><a href=\"https:\/\/gyermekjogiegyezmeny.hu\/wp-content\/uploads\/2020\/04\/1996.szeptember_korm\u00e1nyjelent\u00e9s_angol-1.pdf\">1996. Szeptember korm\u00e1nyjelent\u00e9s<\/a><a href=\"https:\/\/gyermekjogiegyezmeny.hu\/wp-content\/uploads\/2020\/04\/1996.szeptember_korm\u00e1nyjelent\u00e9s_angol-1.pdf\" class=\"wp-block-file__button\" download>Let\u00f6lt\u00e9s<\/a><\/div>\n\n\n\n<div class=\"wp-block-file\"><a href=\"https:\/\/gyermekjogiegyezmeny.hu\/wp-content\/uploads\/2020\/04\/1998.-j\u00fanius_meghallgat\u00e1s-jegyz\u0151k\u00f6nyv_-angol-1.pdf\">1998. J\u00fanius meghallgat\u00e1s jegyz\u0151k\u00f6nyv<\/a><a href=\"https:\/\/gyermekjogiegyezmeny.hu\/wp-content\/uploads\/2020\/04\/1998.-j\u00fanius_meghallgat\u00e1s-jegyz\u0151k\u00f6nyv_-angol-1.pdf\" class=\"wp-block-file__button\" download>Let\u00f6lt\u00e9s<\/a><\/div>\n\n\n\n<div class=\"wp-block-file\"><a href=\"https:\/\/gyermekjogiegyezmeny.hu\/wp-content\/uploads\/2020\/04\/1998.-szeptember-meghallgat\u00e1si-jegyz\u0151k\u00f6nyv_angol-1.pdf\">1998. Szeptember meghallgat\u00e1si jegyz\u0151k\u00f6nyv<\/a><a href=\"https:\/\/gyermekjogiegyezmeny.hu\/wp-content\/uploads\/2020\/04\/1998.-szeptember-meghallgat\u00e1si-jegyz\u0151k\u00f6nyv_angol-1.pdf\" class=\"wp-block-file__button\" download>Let\u00f6lt\u00e9s<\/a><\/div>\n\n\n\n<div class=\"wp-block-file\"><a href=\"https:\/\/gyermekjogiegyezmeny.hu\/wp-content\/uploads\/2020\/04\/1998.elso_bizottsagi_ertekeles_angol-1.pdf\">1998. Els\u0151 bizotts\u00e1gi \u00e9rt\u00e9kel\u00e9s<\/a><a href=\"https:\/\/gyermekjogiegyezmeny.hu\/wp-content\/uploads\/2020\/04\/1998.elso_bizottsagi_ertekeles_angol-1.pdf\" class=\"wp-block-file__button\" download>Let\u00f6lt\u00e9s<\/a><\/div>\n\n\n\n<div class=\"wp-block-file\"><a href=\"https:\/\/gyermekjogiegyezmeny.hu\/wp-content\/uploads\/2020\/04\/2013.kieg\u00e9sz\u00edt\u0151-dokumentum_alternat\u00edv_jelent\u00e9shez_angol-1.pdf\">2013. Kieg\u00e9sz\u00edt\u0151 dokumentum alternat\u00edv jelent\u00e9shez<\/a><a href=\"https:\/\/gyermekjogiegyezmeny.hu\/wp-content\/uploads\/2020\/04\/2013.kieg\u00e9sz\u00edt\u0151-dokumentum_alternat\u00edv_jelent\u00e9shez_angol-1.pdf\" class=\"wp-block-file__button\" download>Let\u00f6lt\u00e9s<\/a><\/div>\n\n\n\n<div class=\"wp-block-file\"><a href=\"https:\/\/gyermekjogiegyezmeny.hu\/wp-content\/uploads\/2020\/04\/2014-november_meghallgat\u00e1s-jegyz\u0151k\u00f6nyv_angol-1.pdf\">2014. November meghallgat\u00e1s jegyz\u0151k\u00f6nyv<\/a><a href=\"https:\/\/gyermekjogiegyezmeny.hu\/wp-content\/uploads\/2020\/04\/2014-november_meghallgat\u00e1s-jegyz\u0151k\u00f6nyv_angol-1.pdf\" class=\"wp-block-file__button\" download>Let\u00f6lt\u00e9s<\/a><\/div>\n\n\n\n<div class=\"wp-block-file\"><a href=\"https:\/\/gyermekjogiegyezmeny.hu\/wp-content\/uploads\/2020\/04\/2014.-A_v\u00e1ros_mindenki\u00e9_civil_jelent\u00e9s_angol-1.pdf\">2014. A v\u00e1ros mindenki\u00e9 civil jelent\u00e9s<\/a><a href=\"https:\/\/gyermekjogiegyezmeny.hu\/wp-content\/uploads\/2020\/04\/2014.-A_v\u00e1ros_mindenki\u00e9_civil_jelent\u00e9s_angol-1.pdf\" class=\"wp-block-file__button\" download>Let\u00f6lt\u00e9s<\/a><\/div>\n\n\n\n<div class=\"wp-block-file\"><a href=\"https:\/\/gyermekjogiegyezmeny.hu\/wp-content\/uploads\/2020\/04\/2014.-AJBH-jelent\u00e9s_angol-1.pdf\">2014. AJBH jelent\u00e9s<\/a><a href=\"https:\/\/gyermekjogiegyezmeny.hu\/wp-content\/uploads\/2020\/04\/2014.-AJBH-jelent\u00e9s_angol-1.pdf\" class=\"wp-block-file__button\" download>Let\u00f6lt\u00e9s<\/a><\/div>\n\n\n\n<div class=\"wp-block-file\"><a href=\"https:\/\/gyermekjogiegyezmeny.hu\/wp-content\/uploads\/2020\/04\/2014.-AJBH-jelent\u00e9s_mell\u00e9klete_angol-1.pdf\">2014. AJBH jelent\u00e9s mell\u00e9klete<\/a><a href=\"https:\/\/gyermekjogiegyezmeny.hu\/wp-content\/uploads\/2020\/04\/2014.-AJBH-jelent\u00e9s_mell\u00e9klete_angol-1.pdf\" class=\"wp-block-file__button\" download>Let\u00f6lt\u00e9s<\/a><\/div>\n\n\n\n<div class=\"wp-block-file\"><a href=\"https:\/\/gyermekjogiegyezmeny.hu\/wp-content\/uploads\/2020\/04\/2014.-Bizotts\u00e1g-k\u00e9rd\u00e9sei_angol-1.pdf\">2014. Bizotts\u00e1g k\u00e9rd\u00e9sei<\/a><a href=\"https:\/\/gyermekjogiegyezmeny.hu\/wp-content\/uploads\/2020\/04\/2014.-Bizotts\u00e1g-k\u00e9rd\u00e9sei_angol-1.pdf\" class=\"wp-block-file__button\" download>Let\u00f6lt\u00e9s<\/a><\/div>\n\n\n\n<div class=\"wp-block-file\"><a href=\"https:\/\/gyermekjogiegyezmeny.hu\/wp-content\/uploads\/2020\/04\/2014.-bizotts\u00e1gi-\u00e9rt\u00e9kel\u00e9s_angol-1.pdf\">2014. Bizotts\u00e1gi \u00e9rt\u00e9kel\u00e9s<\/a><a href=\"https:\/\/gyermekjogiegyezmeny.hu\/wp-content\/uploads\/2020\/04\/2014.-bizotts\u00e1gi-\u00e9rt\u00e9kel\u00e9s_angol-1.pdf\" class=\"wp-block-file__button\" download>Let\u00f6lt\u00e9s<\/a><\/div>\n\n\n\n<div class=\"wp-block-file\"><a href=\"https:\/\/gyermekjogiegyezmeny.hu\/wp-content\/uploads\/2020\/04\/2014.-N\u0151i-\u00e9rdek_civil_jelent\u00e9s_angol-1.pdf\">2014. N\u0151i \u00e9rdek civil jelent\u00e9s<\/a><a href=\"https:\/\/gyermekjogiegyezmeny.hu\/wp-content\/uploads\/2020\/04\/2014.-N\u0151i-\u00e9rdek_civil_jelent\u00e9s_angol-1.pdf\" class=\"wp-block-file__button\" download>Let\u00f6lt\u00e9s<\/a><\/div>\n\n\n\n<div class=\"wp-block-file\"><a href=\"https:\/\/gyermekjogiegyezmeny.hu\/wp-content\/uploads\/2020\/04\/2014.-v\u00e1lasz-a-Bizotts\u00e1g-k\u00e9rd\u00e9seire-korm\u00e1ny_angol-1.doc\">2014. V\u00e1lasz a Bizotts\u00e1g k\u00e9rd\u00e9seire korm\u00e1ny<\/a><a href=\"https:\/\/gyermekjogiegyezmeny.hu\/wp-content\/uploads\/2020\/04\/2014.-v\u00e1lasz-a-Bizotts\u00e1g-k\u00e9rd\u00e9seire-korm\u00e1ny_angol-1.doc\" class=\"wp-block-file__button\" download>Let\u00f6lt\u00e9s<\/a><\/div>\n\n\n\n<div class=\"wp-block-file\"><a href=\"https:\/\/gyermekjogiegyezmeny.hu\/wp-content\/uploads\/2020\/04\/2014_civil_jelent\u00e9s_angol-1.pdf\">2014. Civil jelent\u00e9s<\/a><a href=\"https:\/\/gyermekjogiegyezmeny.hu\/wp-content\/uploads\/2020\/04\/2014_civil_jelent\u00e9s_angol-1.pdf\" class=\"wp-block-file__button\" download>Let\u00f6lt\u00e9s<\/a><\/div>\n\n\n\n<div class=\"wp-block-file\"><a href=\"https:\/\/gyermekjogiegyezmeny.hu\/wp-content\/uploads\/2020\/04\/2015.-bizotts\u00e1gi-\u00e9rt\u00e9kel\u00e9shez-komment_angol-1.pdf\">2015. Bizotts\u00e1gi \u00e9rt\u00e9kel\u00e9shez komment<\/a><a href=\"https:\/\/gyermekjogiegyezmeny.hu\/wp-content\/uploads\/2020\/04\/2015.-bizotts\u00e1gi-\u00e9rt\u00e9kel\u00e9shez-komment_angol-1.pdf\" class=\"wp-block-file__button\" download>Let\u00f6lt\u00e9s<\/a><\/div>\n\n\n\n<div class=\"wp-block-file\"><a href=\"https:\/\/gyermekjogiegyezmeny.hu\/wp-content\/uploads\/2020\/04\/2015.-statisztika-k\u00e9rd\u00e9sek-mell\u00e9klete_angol-1.xls\">2015. Statisztika k\u00e9rd\u00e9sek mell\u00e9klete<\/a><a href=\"https:\/\/gyermekjogiegyezmeny.hu\/wp-content\/uploads\/2020\/04\/2015.-statisztika-k\u00e9rd\u00e9sek-mell\u00e9klete_angol-1.xls\" class=\"wp-block-file__button\" download>Let\u00f6lt\u00e9s<\/a><\/div>\n\n\n\n<div class=\"wp-block-file\"><a href=\"https:\/\/gyermekjogiegyezmeny.hu\/wp-content\/uploads\/2020\/04\/2015.febru\u00e1r_meghallgat\u00e1s-jegyz\u0151k\u00f6nyv_angol-1.pdf\">2015. Febru\u00e1r meghallgat\u00e1s jegyz\u0151k\u00f6nyv<\/a><a href=\"https:\/\/gyermekjogiegyezmeny.hu\/wp-content\/uploads\/2020\/04\/2015.febru\u00e1r_meghallgat\u00e1s-jegyz\u0151k\u00f6nyv_angol-1.pdf\" class=\"wp-block-file__button\" download>Let\u00f6lt\u00e9s<\/a><\/div>\n\n\n\n<div class=\"wp-block-file\"><a href=\"https:\/\/gyermekjogiegyezmeny.hu\/wp-content\/uploads\/2020\/04\/2018.-Human_rights_watch_civil_jelent\u00e9s_angol-1.pdf\">2018. Human rights watch civil jelent\u00e9s<\/a><a href=\"https:\/\/gyermekjogiegyezmeny.hu\/wp-content\/uploads\/2020\/04\/2018.-Human_rights_watch_civil_jelent\u00e9s_angol-1.pdf\" class=\"wp-block-file__button\" download>Let\u00f6lt\u00e9s<\/a><\/div>\n\n\n\n<div class=\"wp-block-file\"><a href=\"https:\/\/gyermekjogiegyezmeny.hu\/wp-content\/uploads\/2020\/04\/2018.-Rosa_Parks_Alap\u00edtv\u00e1ny_civil_jelent\u00e9s_angol-1.pdf\">2018. Rosa Parks Alap\u00edtv\u00e1ny civil jelent\u00e9s<\/a><a href=\"https:\/\/gyermekjogiegyezmeny.hu\/wp-content\/uploads\/2020\/04\/2018.-Rosa_Parks_Alap\u00edtv\u00e1ny_civil_jelent\u00e9s_angol-1.pdf\" class=\"wp-block-file__button\" download>Let\u00f6lt\u00e9s<\/a><\/div>\n\n\n\n<div class=\"wp-block-file\"><a href=\"https:\/\/gyermekjogiegyezmeny.hu\/wp-content\/uploads\/2020\/04\/2019_korm\u00e1nyjelent\u00e9s-mell\u00e9klete_angol-1.docx\">2019. Korm\u00e1nyjelent\u00e9s mell\u00e9klete<\/a><a href=\"https:\/\/gyermekjogiegyezmeny.hu\/wp-content\/uploads\/2020\/04\/2019_korm\u00e1nyjelent\u00e9s-mell\u00e9klete_angol-1.docx\" class=\"wp-block-file__button\" download>Let\u00f6lt\u00e9s<\/a><\/div>\n\n\n\n<div class=\"wp-block-file\"><a href=\"https:\/\/gyermekjogiegyezmeny.hu\/wp-content\/uploads\/2020\/04\/2019_Korm\u00e1nyjelent\u00e9s_angol-1.pdf\">2019. Korm\u00e1nyjelent\u00e9s<\/a><a href=\"https:\/\/gyermekjogiegyezmeny.hu\/wp-content\/uploads\/2020\/04\/2019_Korm\u00e1nyjelent\u00e9s_angol-1.pdf\" class=\"wp-block-file__button\" download>Let\u00f6lt\u00e9s<\/a><\/div>\n\n\n\n<div class=\"wp-block-file\"><a href=\"https:\/\/gyermekjogiegyezmeny.hu\/wp-content\/uploads\/2020\/04\/G2005575.pdf\">2020. Bizotts\u00e1g z\u00e1r\u00f3 \u00e9szrev\u00e9telei<br><\/a><a href=\"https:\/\/gyermekjogiegyezmeny.hu\/wp-content\/uploads\/2020\/04\/G2005575.pdf\" class=\"wp-block-file__button\" download>Let\u00f6lt\u00e9s<\/a><\/div>\n","protected":false},"excerpt":{"rendered":"<p>A Gyermekek Jogair\u00f3l sz\u00f3l\u00f3 Egyezm\u00e9ny 44. cikke alapj\u00e1n minden r\u00e9szes\u00e1llamnak \u00f6t\u00e9vek\u00e9nt jelent\u00e9sben kell besz\u00e1molnia arr\u00f3l, hogy milyen int\u00e9zked\u00e9seket tett az Egyezm\u00e9ny rendelkez\u00e9seinek v\u00e9grehajt\u00e1sa \u00e9rdek\u00e9ben. A Gyermekjogi Bizotts\u00e1gnak k\u00fcld jelent\u00e9st a Korm\u00e1ny, civil szervezetek \u00e9s a gyerekeknek is van lehet\u0151s\u00e9g\u00fck elmondani v\u00e9lem\u00e9ny\u00fcket.&nbsp; A jelent\u00e9seket egy f\u00fcggetlen szak\u00e9rt\u0151kb\u0151l \u00e1ll\u00f3 nemzetk\u00f6zi test\u00fclet, a Gyermekjogi Bizotts\u00e1g vizsg\u00e1lja meg, \u00e9s az adott orsz\u00e1g civil szervezeteinek, majd korm\u00e1ny\u00e1nak meghallgat\u00e1s\u00e1t k\u00f6vet\u0151en aj\u00e1nl\u00e1sokat fogalmaz meg, annak \u00e9rdek\u00e9ben, hogy jobb legyen a gyerekek helyzete az al\u00e1\u00edr\u00f3 orsz\u00e1gokban. Az Egyezm\u00e9ny 44. cikke azt is el\u0151\u00edrja, hogy az id\u0151szakos jelent\u00e9seket, az \u00e9rintettek \u00edr\u00e1sbeli v\u00e1laszait, valamint az azokkal kapcsolatban elfogadott Bizotts\u00e1gi javaslatokat (z\u00e1r\u00f3 \u00e9szrev\u00e9teleket) min\u00e9l sz\u00e9lesebb k\u00f6rben b\u00e1rki \u00e1ltal hozz\u00e1f\u00e9rhet\u0151v\u00e9 kell tenni. A Gyermekjogi Egyezm\u00e9ny alkalmaz\u00e1s\u00e1t \u00e9s a gyermekjogok helyzet\u00e9t a civil szervezetek \u00fan. alternat\u00edv kieg\u00e9sz\u00edt\u0151 jelent\u00e9se mutatja be. A magyar Korm\u00e1ny el\u0151sz\u00f6r 1998-ban, azt\u00e1n 2006-ban, majd 2014-ben \u00e9s v\u00e9g\u00fcl 2019-ben ny\u00fajtott be jelent\u00e9st a Gyermekjogi Bizotts\u00e1ghoz. Sajnos korl\u00e1tozott sz\u00e1mban \u00e1llnak rendelkez\u00e9sre magyar nyelven el\u00e9rhet\u0151 dokumentumok, azonban az eredeti, angol nyelven el\u00e9rhet\u0151 dokumentumok is el\u00e9rhet\u0151ek lentebb: Magyar nyelv\u0171 dokumentumok: Angol nyelv\u0171 dokumentumok:<\/p>\n","protected":false},"author":2,"featured_media":0,"parent":0,"menu_order":0,"comment_status":"closed","ping_status":"closed","template":"","meta":[],"_links":{"self":[{"href":"https:\/\/gyermekjogiegyezmeny.hu\/index.php?rest_route=\/wp\/v2\/pages\/221"}],"collection":[{"href":"https:\/\/gyermekjogiegyezmeny.hu\/index.php?rest_route=\/wp\/v2\/pages"}],"about":[{"href":"https:\/\/gyermekjogiegyezmeny.hu\/index.php?rest_route=\/wp\/v2\/types\/page"}],"author":[{"embeddable":true,"href":"https:\/\/gyermekjogiegyezmeny.hu\/index.php?rest_route=\/wp\/v2\/users\/2"}],"replies":[{"embeddable":true,"href":"https:\/\/gyermekjogiegyezmeny.hu\/index.php?rest_route=%2Fwp%2Fv2%2Fcomments&post=221"}],"version-history":[{"count":13,"href":"https:\/\/gyermekjogiegyezmeny.hu\/index.php?rest_route=\/wp\/v2\/pages\/221\/revisions"}],"predecessor-version":[{"id":447,"href":"https:\/\/gyermekjogiegyezmeny.hu\/index.php?rest_route=\/wp\/v2\/pages\/221\/revisions\/447"}],"wp:attachment":[{"href":"https:\/\/gyermekjogiegyezmeny.hu\/index.php?rest_route=%2Fwp%2Fv2%2Fmedia&parent=221"}],"curies":[{"name":"wp","href":"https:\/\/api.w.org\/{rel}","templated":true}]}}