{"id":280,"date":"2020-04-24T11:42:30","date_gmt":"2020-04-24T11:42:30","guid":{"rendered":"https:\/\/gyermekjogiegyezmeny.hu\/?page_id=280"},"modified":"2020-04-30T10:25:02","modified_gmt":"2020-04-30T10:25:02","slug":"gyerekeknek-szolo-letoltheto-anyagok","status":"publish","type":"page","link":"https:\/\/gyermekjogiegyezmeny.hu\/?page_id=280","title":{"rendered":"Gyerekeknek sz\u00f3l\u00f3 let\u00f6lthet\u0151 anyagok"},"content":{"rendered":"\n<p>Ha 18 \u00e9ven aluli vagy, akkor ez az oldal neked sz\u00f3l.<\/p>\n\n\n\n<p>Olyan anyagokat tal\u00e1lsz itt, amelyekb\u0151l megismerheted, hogy milyen jogaid vannak, \u00e9s hogy azok hogyan \u00e9rv\u00e9nyes\u00fclnek Magyarorsz\u00e1gon.<\/p>\n\n\n\n<p>Kiadv\u00e1nyaink abban is seg\u00edtenek eligazodni, hogy milyen lehet\u0151s\u00e9geid vannak a jogaid \u00e9rv\u00e9nyes\u00edt\u00e9s\u00e9re.A Hintalovon Gyermekjogi Alap\u00edtv\u00e1ny <strong>Gyermekjogi K\u00f6vetei<\/strong> k\u00f6z\u00e9piskol\u00e1s \u00f6nk\u00e9ntesek, akik az\u00e9rt dolgoznak, hogy a gyerekek megismerj\u00e9k a jogaikat, \u00e9s a feln\u0151ttek jobban figyelembe vegy\u00e9k a gyerekek v\u00e9lem\u00e9ny\u00e9t. Ha \u00e9rdekelnek a gyerekjogok, \u00e9s szeretn\u00e9l a k\u00f6z\u00f6ss\u00e9gi m\u00e9di\u00e1ban is k\u00f6vetni a gyerekjogi h\u00edreket, akkor megteheted itt: <a href=\"https:\/\/www.instagram.com\/gyermekjogi_kovetek\/\">https:\/\/www.instagram.com\/gyermekjogi_kovetek\/<\/a><\/p>\n\n\n\n<p><strong>Szerinted csak akkor \u00e9rdemled meg a jogaid, ha m\u00e1r elv\u00e9gzted a k\u00f6teless\u00e9geid? Ebben az \u00f6sszefoglal\u00f3ban v\u00e9gre r\u00e9szletesebben is megismerkedhetsz a jogaiddal!&nbsp;<\/strong><\/p>\n\n\n\n<div class=\"wp-block-file\"><a href=\"https:\/\/gyermekjogiegyezmeny.hu\/wp-content\/uploads\/2020\/04\/hintalovon_ismerd_meg_a_jogaidat_online.pdf\">Ismerd meg a jogaidat!<\/a><a href=\"https:\/\/gyermekjogiegyezmeny.hu\/wp-content\/uploads\/2020\/04\/hintalovon_ismerd_meg_a_jogaidat_online.pdf\" class=\"wp-block-file__button\" download>Let\u00f6lt\u00e9s<\/a><\/div>\n\n\n\n<div class=\"wp-block-file\"><a href=\"https:\/\/gyermekjogiegyezmeny.hu\/wp-content\/uploads\/2020\/04\/a_4_web-1-scaled.jpg\">Gyermekjogi plak\u00e1t <\/a><a href=\"https:\/\/gyermekjogiegyezmeny.hu\/wp-content\/uploads\/2020\/04\/a_4_web-1-scaled.jpg\" class=\"wp-block-file__button\" download>Let\u00f6lt\u00e9s<\/a><\/div>\n\n\n\n<div class=\"wp-block-file\"><a href=\"https:\/\/gyermekjogiegyezmeny.hu\/wp-content\/uploads\/2020\/04\/gyermekjogi_egyezmeny_klaszterei.pdf\">A Gyermekjogi Egyezm\u00e9ny egyes r\u00e9szei &#8211; t\u00e1bl\u00e1zat<\/a><a href=\"https:\/\/gyermekjogiegyezmeny.hu\/wp-content\/uploads\/2020\/04\/gyermekjogi_egyezmeny_klaszterei.pdf\" class=\"wp-block-file__button\" download>Let\u00f6lt\u00e9s<\/a><\/div>\n\n\n\n<div class=\"wp-block-file\"><a href=\"https:\/\/gyermekjogiegyezmeny.hu\/wp-content\/uploads\/2020\/04\/gyermekjogi-egyezmeny-gyereknyelven-2019.pdf\">Gyermekjogi Egyezm\u00e9ny gyereknyelven (UNICEF)<\/a><a href=\"https:\/\/gyermekjogiegyezmeny.hu\/wp-content\/uploads\/2020\/04\/gyermekjogi-egyezmeny-gyereknyelven-2019.pdf\" class=\"wp-block-file__button\" download>Let\u00f6lt\u00e9s<\/a><\/div>\n\n\n\n<div class=\"wp-block-file\"><a href=\"https:\/\/gyermekjogiegyezmeny.hu\/wp-content\/uploads\/2020\/04\/Gyerekjogi-plaka\u0301t.pdf\">Gyermekjogi plaka\u0301t (UNICEF)<\/a><a href=\"https:\/\/gyermekjogiegyezmeny.hu\/wp-content\/uploads\/2020\/04\/Gyerekjogi-plaka\u0301t.pdf\" class=\"wp-block-file__button\" download>Let\u00f6lt\u00e9s<\/a><\/div>\n\n\n\n<div class=\"wp-block-file\"><a href=\"https:\/\/gyermekjogiegyezmeny.hu\/wp-content\/uploads\/2020\/04\/UNICEF-Gyermekjogok-Hanganyag.mp3\">Gyermekjogok hanganyag  (UNICEF) <\/a><a href=\"https:\/\/gyermekjogiegyezmeny.hu\/wp-content\/uploads\/2020\/04\/UNICEF-Gyermekjogok-Hanganyag.mp3\" class=\"wp-block-file__button\" download>Let\u00f6lt\u00e9s<\/a><\/div>\n\n\n\n<p><strong>A Gyermekjogi K\u00f6veteink r\u00e9szv\u00e9tel\u00e9vel k\u00e9sz\u00fclt nemzetk\u00f6zi kiadv\u00e1nyban megismerheted, mi sz\u00e1m\u00edt zaklat\u00e1snak, mi t\u00f6rt\u00e9nik, ha valaki b\u0171ncselekm\u00e9nyt k\u00f6vet el, \u00e9s mit lehet tenni vissza\u00e9l\u00e9s eset\u00e9n. A kiadv\u00e1nyban szerepl\u0151 jelenetek \u00f6tletet adnak a gyerekeknek, kikhez fordulhatnak seg\u00edts\u00e9g\u00e9rt, \u00e9s meger\u0151s\u00edtik \u0151ket, hogy lehet besz\u00e9lni a szexualit\u00e1sr\u00f3l \u00e9s a rossz \u00e9rz\u00e9seikr\u0151l.<\/strong><\/p>\n\n\n\n<div class=\"wp-block-file\"><a href=\"https:\/\/gyermekjogiegyezmeny.hu\/wp-content\/uploads\/2020\/04\/ez_mar_szexualis_zaklatas_kiadvany.pdf-m\u00e1solata.pdf\">Ez m\u00e1r szexu\u00e1lis zaklat\u00e1s kiadv\u00e1ny<\/a><a href=\"https:\/\/gyermekjogiegyezmeny.hu\/wp-content\/uploads\/2020\/04\/ez_mar_szexualis_zaklatas_kiadvany.pdf-m\u00e1solata.pdf\" class=\"wp-block-file__button\" download>Let\u00f6lt\u00e9s<\/a><\/div>\n\n\n\n<p><strong>2020 janu\u00e1rj\u00e1ban elk\u00e9sz\u00fclt az ENSZ aj\u00e1nl\u00e1scsomagja arr\u00f3l, mit kell tenni Magyarorsz\u00e1gnak az\u00e9rt, hogy a gyerekjogok jobban \u00e9rv\u00e9nyes\u00fcljenek. Az \u00f6t\u00e9vente k\u00f6telez\u0151 jelent\u00e9st\u00e9teli folyamatban a Gyermekjogi Bizotts\u00e1g megismerte a korm\u00e1ny, a civilek \u00e9s a gyerekek v\u00e9lem\u00e9ny\u00e9t is. Gyermekjogi K\u00f6veteinkkel k\u00f6z\u00f6sen ind\u00edtott&nbsp;<a href=\"https:\/\/hintalovon.hu\/hu\/cikk\/te-hogy-latod-ensz-gyermekjelentes\">\u201cTe hogy l\u00e1tod\u201d<\/a>&nbsp;kamp\u00e1nyunkban k\u00f6zel 5300 gyerek mondta el a v\u00e9lem\u00e9ny\u00e9t az ENSZ-nek, akik gyerekeknek k\u00e9sz\u00fclt kiadv\u00e1nyunkban most visszajelz\u00e9st kaphatnak a r\u00e9szv\u00e9tel\u00fckr\u0151l.&nbsp;<\/strong><\/p>\n\n\n\n<div class=\"wp-block-file\"><a href=\"https:\/\/gyermekjogiegyezmeny.hu\/wp-content\/uploads\/2020\/04\/JELENTE\u0301STE\u0301TEL-AZ-ENSZ-NEK.pdf\">Jelent\u00e9st\u00e9tel az ENSZ-nek -folyamat<\/a><a href=\"https:\/\/gyermekjogiegyezmeny.hu\/wp-content\/uploads\/2020\/04\/JELENTE\u0301STE\u0301TEL-AZ-ENSZ-NEK.pdf\" class=\"wp-block-file__button\" download>Let\u00f6lt\u00e9s<\/a><\/div>\n\n\n\n<div class=\"wp-block-file\"><a href=\"https:\/\/gyermekjogiegyezmeny.hu\/wp-content\/uploads\/2020\/04\/ENSZ-ro\u030bl-gyerekeknek.pdf\">ENSZ-ro\u030bl a gyerekeknek &#8211; Kinek k\u00e9sz\u00fcl a jelent\u00e9s?<\/a><a href=\"https:\/\/gyermekjogiegyezmeny.hu\/wp-content\/uploads\/2020\/04\/ENSZ-ro\u030bl-gyerekeknek.pdf\" class=\"wp-block-file__button\" download>Let\u00f6lt\u00e9s<\/a><\/div>\n\n\n\n<div class=\"wp-block-file\"><a href=\"https:\/\/gyermekjogiegyezmeny.hu\/wp-content\/uploads\/2020\/04\/CRC_kampa\u0301ny-infografika-2.png\">ENSZ Jelent\u00e9s 5 l\u00e9p\u00e9sben &#8211; mi t\u00f6rt\u00e9nik, ha elmondod a v\u00e9lem\u00e9nyed? <\/a><a href=\"https:\/\/gyermekjogiegyezmeny.hu\/wp-content\/uploads\/2020\/04\/CRC_kampa\u0301ny-infografika-2.png\" class=\"wp-block-file__button\" download>Let\u00f6lt\u00e9s<\/a><\/div>\n\n\n\n<div class=\"wp-block-file\"><a href=\"https:\/\/gyermekjogiegyezmeny.hu\/wp-content\/uploads\/2020\/04\/zaro_eszrevetelek_gyerekeknek.pdf\">Z\u00e1r\u00f3 \u00e9szrev\u00e9telek gyerekeknek<\/a><a href=\"https:\/\/gyermekjogiegyezmeny.hu\/wp-content\/uploads\/2020\/04\/zaro_eszrevetelek_gyerekeknek.pdf\" class=\"wp-block-file__button\" download>Let\u00f6lt\u00e9s<\/a><\/div>\n\n\n\n<p><strong>A Hintalovon Gyermekjogi Alap\u00edtv\u00e1ny minden \u00e9vben jelent\u00e9st \u00edr arr\u00f3l, hogy az el\u0151z\u0151 \u00e9vben milyen volt gyereknek lenni Magyarorsz\u00e1gon. Sz\u00e1m\u00edtott a gyerekek v\u00e9lem\u00e9nye? Hogyan zajlott az oktat\u00e1s? Mi t\u00f6rt\u00e9nt a nehezebb sors\u00fa gyerekekkel? Megv\u00e9dt\u00e9k \u0151ket az er\u0151szakt\u00f3l?&nbsp;Gyermekjogi K\u00f6veteink h\u00f3napokat doloznak azon, hogy kort\u00e1rsaiknak \u00e1ttekinthet\u0151 m\u00f3don be tudj\u00e1k mutatni, az \u00e9ves jelent\u00e9sben foglaltakat.<\/strong><\/p>\n\n\n\n<div class=\"wp-block-file\"><a href=\"https:\/\/gyermekjogiegyezmeny.hu\/wp-content\/uploads\/2020\/04\/milyen_volt_gyereknek_lenni_2016-ban_.pdf\">Milyen volt gyereknek lenni 2016-ban?<\/a><a href=\"https:\/\/gyermekjogiegyezmeny.hu\/wp-content\/uploads\/2020\/04\/milyen_volt_gyereknek_lenni_2016-ban_.pdf\" class=\"wp-block-file__button\" download>Let\u00f6lt\u00e9s<\/a><\/div>\n\n\n\n<div class=\"wp-block-file\"><a href=\"https:\/\/gyermekjogiegyezmeny.hu\/wp-content\/uploads\/2020\/04\/gyerekek_helyzete_2017.pdf\">Gyerekek helyzete 2017-ben<\/a><a href=\"https:\/\/gyermekjogiegyezmeny.hu\/wp-content\/uploads\/2020\/04\/gyerekek_helyzete_2017.pdf\" class=\"wp-block-file__button\" download>Let\u00f6lt\u00e9s<\/a><\/div>\n\n\n\n<p><\/p>\n","protected":false},"excerpt":{"rendered":"<p>Ha 18 \u00e9ven aluli vagy, akkor ez az oldal neked sz\u00f3l. Olyan anyagokat tal\u00e1lsz itt, amelyekb\u0151l megismerheted, hogy milyen jogaid vannak, \u00e9s hogy azok hogyan \u00e9rv\u00e9nyes\u00fclnek Magyarorsz\u00e1gon. Kiadv\u00e1nyaink abban is seg\u00edtenek eligazodni, hogy milyen lehet\u0151s\u00e9geid vannak a jogaid \u00e9rv\u00e9nyes\u00edt\u00e9s\u00e9re.A Hintalovon Gyermekjogi Alap\u00edtv\u00e1ny Gyermekjogi K\u00f6vetei k\u00f6z\u00e9piskol\u00e1s \u00f6nk\u00e9ntesek, akik az\u00e9rt dolgoznak, hogy a gyerekek megismerj\u00e9k a jogaikat, \u00e9s a feln\u0151ttek jobban figyelembe vegy\u00e9k a gyerekek v\u00e9lem\u00e9ny\u00e9t. Ha \u00e9rdekelnek a gyerekjogok, \u00e9s szeretn\u00e9l a k\u00f6z\u00f6ss\u00e9gi m\u00e9di\u00e1ban is k\u00f6vetni a gyerekjogi h\u00edreket, akkor megteheted itt: https:\/\/www.instagram.com\/gyermekjogi_kovetek\/ Szerinted csak akkor \u00e9rdemled meg a jogaid, ha m\u00e1r elv\u00e9gzted a k\u00f6teless\u00e9geid? Ebben az \u00f6sszefoglal\u00f3ban v\u00e9gre r\u00e9szletesebben is megismerkedhetsz a jogaiddal!&nbsp; A Gyermekjogi K\u00f6veteink r\u00e9szv\u00e9tel\u00e9vel k\u00e9sz\u00fclt nemzetk\u00f6zi kiadv\u00e1nyban megismerheted, mi sz\u00e1m\u00edt zaklat\u00e1snak, mi t\u00f6rt\u00e9nik, ha valaki b\u0171ncselekm\u00e9nyt k\u00f6vet el, \u00e9s mit lehet tenni vissza\u00e9l\u00e9s eset\u00e9n. A kiadv\u00e1nyban szerepl\u0151 jelenetek \u00f6tletet adnak a gyerekeknek, kikhez fordulhatnak seg\u00edts\u00e9g\u00e9rt, \u00e9s meger\u0151s\u00edtik \u0151ket, hogy lehet besz\u00e9lni a szexualit\u00e1sr\u00f3l \u00e9s a rossz \u00e9rz\u00e9seikr\u0151l. 2020 janu\u00e1rj\u00e1ban elk\u00e9sz\u00fclt az ENSZ aj\u00e1nl\u00e1scsomagja arr\u00f3l, mit kell tenni Magyarorsz\u00e1gnak az\u00e9rt, hogy a gyerekjogok jobban \u00e9rv\u00e9nyes\u00fcljenek. Az \u00f6t\u00e9vente k\u00f6telez\u0151 jelent\u00e9st\u00e9teli folyamatban a Gyermekjogi Bizotts\u00e1g megismerte a korm\u00e1ny, a civilek \u00e9s a gyerekek v\u00e9lem\u00e9ny\u00e9t is. Gyermekjogi K\u00f6veteinkkel k\u00f6z\u00f6sen ind\u00edtott&nbsp;\u201cTe hogy l\u00e1tod\u201d&nbsp;kamp\u00e1nyunkban k\u00f6zel 5300 gyerek mondta el a v\u00e9lem\u00e9ny\u00e9t az ENSZ-nek, akik gyerekeknek k\u00e9sz\u00fclt kiadv\u00e1nyunkban most visszajelz\u00e9st kaphatnak a r\u00e9szv\u00e9tel\u00fckr\u0151l.&nbsp; A Hintalovon Gyermekjogi Alap\u00edtv\u00e1ny minden \u00e9vben jelent\u00e9st \u00edr arr\u00f3l, hogy az el\u0151z\u0151 \u00e9vben milyen volt gyereknek lenni Magyarorsz\u00e1gon. Sz\u00e1m\u00edtott a gyerekek v\u00e9lem\u00e9nye? Hogyan zajlott az oktat\u00e1s? Mi t\u00f6rt\u00e9nt a nehezebb sors\u00fa gyerekekkel? Megv\u00e9dt\u00e9k \u0151ket az er\u0151szakt\u00f3l?&nbsp;Gyermekjogi K\u00f6veteink h\u00f3napokat doloznak azon, hogy kort\u00e1rsaiknak \u00e1ttekinthet\u0151 m\u00f3don be tudj\u00e1k mutatni, az \u00e9ves jelent\u00e9sben foglaltakat.<\/p>\n","protected":false},"author":2,"featured_media":117,"parent":0,"menu_order":0,"comment_status":"closed","ping_status":"closed","template":"","meta":[],"_links":{"self":[{"href":"https:\/\/gyermekjogiegyezmeny.hu\/index.php?rest_route=\/wp\/v2\/pages\/280"}],"collection":[{"href":"https:\/\/gyermekjogiegyezmeny.hu\/index.php?rest_route=\/wp\/v2\/pages"}],"about":[{"href":"https:\/\/gyermekjogiegyezmeny.hu\/index.php?rest_route=\/wp\/v2\/types\/page"}],"author":[{"embeddable":true,"href":"https:\/\/gyermekjogiegyezmeny.hu\/index.php?rest_route=\/wp\/v2\/users\/2"}],"replies":[{"embeddable":true,"href":"https:\/\/gyermekjogiegyezmeny.hu\/index.php?rest_route=%2Fwp%2Fv2%2Fcomments&post=280"}],"version-history":[{"count":12,"href":"https:\/\/gyermekjogiegyezmeny.hu\/index.php?rest_route=\/wp\/v2\/pages\/280\/revisions"}],"predecessor-version":[{"id":375,"href":"https:\/\/gyermekjogiegyezmeny.hu\/index.php?rest_route=\/wp\/v2\/pages\/280\/revisions\/375"}],"wp:featuredmedia":[{"embeddable":true,"href":"https:\/\/gyermekjogiegyezmeny.hu\/index.php?rest_route=\/wp\/v2\/media\/117"}],"wp:attachment":[{"href":"https:\/\/gyermekjogiegyezmeny.hu\/index.php?rest_route=%2Fwp%2Fv2%2Fmedia&parent=280"}],"curies":[{"name":"wp","href":"https:\/\/api.w.org\/{rel}","templated":true}]}}